{"id":552,"date":"2020-07-10T10:33:38","date_gmt":"2020-07-10T10:33:38","guid":{"rendered":"https:\/\/marrymemallorca.com\/cookies\/"},"modified":"2020-07-10T10:33:38","modified_gmt":"2020-07-10T10:33:38","slug":"cookies","status":"publish","type":"page","link":"https:\/\/marrymemallorca.com\/en\/cookies\/","title":{"rendered":"Cookies"},"content":{"rendered":"<h2>Pol\u00edtica de Cookies <\/h2>\n<h4>1. Definici\u00f3n y funciones de las cookies.<\/h4>\n<p>Una cookie es un fichero que se descarga en el equipo del Usuario al acceder a determinados sitios web. Las cookies permiten al sitio web, entre otras cosas, almacenar y recuperar informaci\u00f3n sobre los h\u00e1bitos de navegaci\u00f3n del Usuario o de su equipo y, dependiendo de la informaci\u00f3n que contengan y de la forma en que utilice su equipo, pueden utilizarse para reconocer al Usuario.<\/p>\n<h4>2. Tipos de cookies que puede utilizar este Sitio Web.<\/h4>\n<p>Cookies propias: Son aqu\u00e9llas que se env\u00edan al equipo terminal del Usuario desde un equipo o dominio gestionado por el Titular y desde el que se presta el servicio solicitado por el Usuario.<\/p>\n<p>Cookies de terceros: Son aqu\u00e9llas que se env\u00edan al equipo terminal del Usuario desde un equipo o dominio que no es gestionado por el Titular, sino por otra entidad que trata los datos obtenidos trav\u00e9s de las cookies.<\/p>\n<p>Cookies de sesi\u00f3n: Son un tipo de cookies dise\u00f1adas para recabar y almacenar datos mientras el Usuario accede a un sitio web.<\/p>\n<p>Cookies persistentes: Son un tipo de cookies en el que los datos siguen almacenados en el terminal y pueden ser accedidos y tratados durante un periodo definido por el responsable de la cookie, y que puede ir de unos minutos a varios a\u00f1os.<\/p>\n<p>Cookies de an\u00e1lisis: Son aqu\u00e9llas que bien tratadas por el Titular o por terceros, permiten cuantificar el n\u00famero de Usuarios y as\u00ed realizar la medici\u00f3n y an\u00e1lisis estad\u00edstico de la utilizaci\u00f3n que hacen los Usuarios del servicio ofertado. Para ello se analiza su navegaci\u00f3n con el fin de mejorar la oferta de productos o servicios que se ofrecen.<\/p>\n<p>Cookies publicitarias: Son aqu\u00e9llas que permiten la gesti\u00f3n, de la forma m\u00e1s eficaz posible, de los espacios publicitarios que, en su caso, el Titular haya incluido en el Sitio Web, aplicaci\u00f3n o plataforma desde la que presta el servicio solicitado en base a criterios como el contenido editado o la frecuencia en la que se muestran los anuncios.<\/p>\n<p>Cookies de publicidad comportamental: Son aqu\u00e9llas que permiten la gesti\u00f3n, de la forma m\u00e1s eficaz posible, de los espacios publicitarios que, en su caso, el Titular haya incluido en el Sitio Web, aplicaci\u00f3n o plataforma desde la que presta el servicio solicitado. Estas cookies almacenan informaci\u00f3n del comportamiento de los Usuarios obtenida a trav\u00e9s de la observaci\u00f3n continuada de sus h\u00e1bitos de navegaci\u00f3n, lo que permite desarrollar un perfil espec\u00edfico para mostrar publicidad en funci\u00f3n del mismo. Asimismo, es posible que al visitar alg\u00fan sitio web o al abrir alg\u00fan email donde se publique alg\u00fan anuncio o alguna promoci\u00f3n sobre los productos o servicios ofrecidos se instale en el navegador alguna cookie que sirva para mostrar posteriormente publicidad relacionada con la b\u00fasqueda que se ha realizado, desarrollar un control de los anuncios en relaci\u00f3n, por ejemplo, con el n\u00famero de veces que son vistos, donde aparecen, a qu\u00e9 hora se ven, etc.<\/p>\n<h4>3. Revocaci\u00f3n y eliminaci\u00f3n de cookies.<\/h4>\n<p>El Usuario puede permitir, bloquear o eliminar las cookies instaladas en el equipo mediante la configuraci\u00f3n de las opciones del navegador instalado, en caso que no permita la instalaci\u00f3n de cookies en su navegador es posible que no pueda acceder a alguna de las secciones del Sitio Web. Se puede encontrar informaci\u00f3n sobre c\u00f3mo configurar las cookies seg\u00fan el navegador utilizado en los siguientes enlaces (enlaces v\u00e1lidos a la fecha de edici\u00f3n del presente texto)<\/p>\n<p>Para m\u00e1s informaci\u00f3n sobre c\u00f3mo bloquear el uso de cookies en\u00a0<b>Explorer<\/b><\/p>\n<p><a style=\"color: #000000;\" href=\"http:\/\/windows.microsoft.com\/es-es\/windows7\/how-to-manage-cookies-in-internet-explorer-9\">https:\/\/support.microsoft.com\/es-es\/help\/17442\/windows-internet-explorer-delete-manage-cookies<\/a><\/p>\n<p>Para m\u00e1s informaci\u00f3n sobre c\u00f3mo bloquear el uso de cookies en\u00a0<b>Chrome<\/b><\/p>\n<p><a style=\"color: #000000;\" href=\"http:\/\/support.google.com\/chrome\/bin\/answer.py?hl=es&amp;answer=95647\">http:\/\/support.google.com\/chrome\/bin\/answer.py?hl=es&amp;answer=95647<\/a><\/p>\n<p>Para m\u00e1s informaci\u00f3n sobre c\u00f3mo bloquear el uso de cookies en\u00a0<b>Firefox<\/b><\/p>\n<p><a style=\"color: #000000;\" href=\"http:\/\/support.mozilla.org\/es\/kb\/habilitar-y-deshabilitar-cookies-que-los-sitios-we\">http:\/\/support.mozilla.org\/es\/kb\/habilitar-y-deshabilitar-cookies-que-los-sitios-we<\/a><\/p>\n<p>Para m\u00e1s informaci\u00f3n sobre c\u00f3mo bloquear el uso de cookies en\u00a0<b>Safari<\/b><\/p>\n<p><a style=\"color: #000000;\" href=\"http:\/\/support.apple.com\/kb\/ph5042\">http:\/\/support.apple.com\/kb\/ph5042<\/a><\/p>\n<p>El Titular no se hace responsable del contenido y veracidad de las pol\u00edticas de privacidad de los terceros incluidos en los enlaces de este Aviso Legal.<\/p>\n<h4>4. Terceros prestadores de servicios.<\/h4>\n<p>En concreto los terceros con los que se ha gestionado alg\u00fan servicio para el que es necesaria la utilizaci\u00f3n de cookies son:<\/p>\n<p>\u00a0<\/p>\n<table>\n<tbody>\n<tr>\n<td>\n<p><b>Nombre del proveedor\u00a0<\/b><\/p>\n<\/td>\n<td>\n<p><b>Finalidad de la cookie<\/b><\/p>\n<\/td>\n<td>\n<p><b>Descripci\u00f3n de la finalidad de la cookie<\/b><\/p>\n<\/td>\n<td>\n<p><b>Si desea mas informaci\u00f3n sobre el uso<\/b><\/p>\n<\/td>\n<\/tr>\n<tr>\n<td>\n<p>Google Analytics<\/p>\n<\/td>\n<td>\n<p>Anal\u00edtica Web<\/p>\n<\/td>\n<td>\n<p>Estad\u00edstica sobre visitas al Sitio Web<\/p>\n<\/td>\n<td>\n<p>http:\/\/www.google.es\/intl\/es\/analytics\/<\/p>\n<\/td>\n<\/tr>\n<tr>\n<td>\n<p>Google<\/p>\n<p>DoubleClick<\/p>\n<\/td>\n<td>\n<p>Publicidad<\/p>\n<\/td>\n<td>\n<p>Gesti\u00f3n de publicidad en el Sitio Web<\/p>\n<\/td>\n<td>\n<p><a href=\"http:\/\/www.google.com\/doubleclick\/\">http:\/\/www.google.com\/doubleclick\/<\/a>\u00a0<\/p>\n<\/td>\n<\/tr>\n<tr>\n<td>\n<p>Facebook Connect<\/p>\n<\/td>\n<td>\n<p>Widget, Social<\/p>\n<\/td>\n<td>\n<p>Conexi\u00f3n de los usuarios con la red social<\/p>\n<\/td>\n<td>\n<p><a href=\"http:\/\/developers.facebook.com\/\">http:\/\/developers.facebook.com\/<\/a><\/p>\n<\/td>\n<\/tr>\n<tr>\n<td>\n<p>Facebook Custom Audience<\/p>\n<\/td>\n<td>\n<p>Publicidad<\/p>\n<\/td>\n<td>\n<p>Gesti\u00f3n de publicidad en el Sitio Web vinculada con red social<\/p>\n<\/td>\n<td>\n<p><a href=\"https:\/\/www.facebook.com\/business\/\">https:\/\/www.facebook.com\/business\/<\/a>\u00a0<\/p>\n<\/td>\n<\/tr>\n<\/tbody>\n<\/table>\n<p>El Titular declina cualquier responsabilidad respecto al contenido y veracidad de la informaci\u00f3n y pol\u00edticas de privacidad relativas a las cookies de terceros.<\/p>\n<p>Para m\u00e1s informaci\u00f3n sobre el uso de cookies en este Sitio Web el Usuario puede solicitarla a trav\u00e9s del formulario de contacto o info@blancinegreevents.com<\/p>\n<p>La presente pol\u00edtica fue modificada a fecha el 8 de julio de 2020.<\/p>\n<h4>5. Anal\u00edtica Web &#8211; Google Analytics .<\/h4>\n<p>El presente Sitio Web puede utilizar Google Analytics, una herramienta de anal\u00edtica de web prestado por Google, Inc., cuyo domicilio social est\u00e1 ubicado en 1600 Amphitheatre Parkway, Mountain View (California), CA 94043, Estados Unidos (&#8220;Google&#8221;). Esta herramienta permite al Titular saber el grado de implicaci\u00f3n de los Usuarios con el Sitio Web, con la posibilidad de consultar varios informes en los que se describe c\u00f3mo interact\u00faan los Usuarios con el Sitio Web con el prop\u00f3sito de mejorarlo. Google Analytics recaba informaci\u00f3n de forma an\u00f3nima, es decir, informa de las tendencias del Sitio Web sin identificar a sus usuarios.<\/p>\n<p>Google Analytics emplea &#8220;cookies&#8221; de origen, que son archivos de texto ubicados en el ordenador, para realizar un seguimiento de las interacciones de los Usuarios en el Sitio Web. Estas cookies se utilizan para almacenar informaci\u00f3n como, por ejemplo, la hora de la visita, si el Usuario ha estado antes en el sitio y qu\u00e9 sitio le ha recomendado al Usuario visitar este Sitio Web en cuesti\u00f3n. Los navegadores no comparten cookies de origen de un mismo dominio.<\/p>\n<p>Todos los equipos y dispositivos conectados a Internet tienen asignado un n\u00famero exclusivo que se conoce como la &#8220;direcci\u00f3n de protocolo de Internet&#8221; o &#8220;direcci\u00f3n IP&#8221;. Puesto que estos n\u00fameros se suelen asignar en funci\u00f3n del pa\u00eds, las direcciones IP a menudo se utilizan para identificar el pa\u00eds, el estado y la ciudad desde la que el equipo se encuentra conectado a Internet. Google Analytics registra la direcci\u00f3n IP de los Usuarios que visitan el Sitio Web para que el Titular pueda saber desde qu\u00e9 puntos del planeta se est\u00e1 visitando el sitio. Este m\u00e9todo se denomina &#8220;geolocalizaci\u00f3n de IP&#8221;. Google Analytics no proporciona informaci\u00f3n sobre la direcci\u00f3n IP real.<\/p>\n<p>Las condiciones del servicio de Google Analytics proh\u00edben el seguimiento o la obtenci\u00f3n de datos personales que identifiquen a una persona (como, por ejemplo, el nombre, la direcci\u00f3n de correo electr\u00f3nico o los datos de facturaci\u00f3n, as\u00ed como otros datos asociados) mediante Google Analytics o bien la asociaci\u00f3n de informaci\u00f3n personal con datos de anal\u00edtica web.<\/p>\n<p>El Titular puede controlar la informaci\u00f3n que puede usar Google y decidir si quiere que Google emplee estos datos o no a trav\u00e9s de las opciones para compartir datos de Google Analytics. Los datos sirven para mejorar los productos y servicios de Google.\u00a0<\/p>\n<p>Con el fin de ofrecer a los Usuarios m\u00e1s opciones en cuanto a la forma que tiene Google Analytics de recabar sus datos, se ha creado el complemento de inhabilitaci\u00f3n para navegadores de Google Analytics. Este complemento indica al c\u00f3digo JavaScript (ga.js) de Google Analytics que la informaci\u00f3n sobre la visita al sitio web no debe enviarse a Google Analytics. Sin embargo, no impide que se env\u00ede informaci\u00f3n al propio sitio web o a otros servicios de anal\u00edtica web. El Usuario podr\u00e1 rechazar el tratamiento de los datos o la informaci\u00f3n rechazando el uso de cookies mediante la selecci\u00f3n de la configuraci\u00f3n apropiada de su navegador, sin embargo, el Usuario debe saber que si lo hace puede ser que no pueda usar la plena funcionalidad de este Sitio Web.\u00a0<\/p>\n<p>Al utilizar este Sitio Web el Usuario consiente el tratamiento de su informaci\u00f3n por Google y el Titular en la forma y para los fines arriba indicados. Para m\u00e1s informaci\u00f3n sobre esta herramienta y la pol\u00edtica de privacidad de Google se recomienda a los Usuarios que visiten el siguiente enlace: <a style=\"color: #000000;\" href=\"http:\/\/www.google.es\/intl\/es\/policies\/\">http:\/\/www.google.es\/intl\/es\/policies\/<\/a> <\/p>\n","protected":false},"excerpt":{"rendered":"<p>Pol\u00edtica de Cookies 1. Definici\u00f3n y funciones de las cookies. Una cookie es un fichero que se descarga en el equipo del Usuario al acceder a determinados sitios web. Las cookies permiten al sitio web, entre otras cosas, almacenar y recuperar informaci\u00f3n sobre los h\u00e1bitos de navegaci\u00f3n del Usuario o de su equipo y, dependiendo [&hellip;]<\/p>\n","protected":false},"author":1,"featured_media":0,"parent":0,"menu_order":0,"comment_status":"closed","ping_status":"closed","template":"elementor_header_footer","meta":{"_exactmetrics_skip_tracking":false,"_exactmetrics_sitenote_active":false,"_exactmetrics_sitenote_note":"","_exactmetrics_sitenote_category":0,"footnotes":""},"class_list":["post-552","page","type-page","status-publish","hentry"],"yoast_head":"<!-- This site is optimized with the Yoast SEO plugin v27.0 - https:\/\/yoast.com\/product\/yoast-seo-wordpress\/ -->\n<title>Cookies - Marry Me Mallorca<\/title>\n<meta name=\"robots\" content=\"index, follow, max-snippet:-1, max-image-preview:large, max-video-preview:-1\" \/>\n<link rel=\"canonical\" href=\"https:\/\/marrymemallorca.com\/cookies\/\" \/>\n<meta property=\"og:locale\" content=\"en_US\" \/>\n<meta property=\"og:type\" content=\"article\" \/>\n<meta property=\"og:title\" content=\"Cookies - Marry Me Mallorca\" \/>\n<meta property=\"og:description\" content=\"Pol\u00edtica de Cookies 1. Definici\u00f3n y funciones de las cookies. Una cookie es un fichero que se descarga en el equipo del Usuario al acceder a determinados sitios web. Las cookies permiten al sitio web, entre otras cosas, almacenar y recuperar informaci\u00f3n sobre los h\u00e1bitos de navegaci\u00f3n del Usuario o de su equipo y, dependiendo [&hellip;]\" \/>\n<meta property=\"og:url\" content=\"https:\/\/marrymemallorca.com\/cookies\/\" \/>\n<meta property=\"og:site_name\" content=\"Marry Me Mallorca\" \/>\n<meta property=\"article:publisher\" content=\"https:\/\/www.facebook.com\/marrymemallorca\" \/>\n<meta name=\"twitter:card\" content=\"summary_large_image\" \/>\n<meta name=\"twitter:label1\" content=\"Est. reading time\" \/>\n\t<meta name=\"twitter:data1\" content=\"8 minutes\" \/>\n<script type=\"application\/ld+json\" class=\"yoast-schema-graph\">{\"@context\":\"https:\/\/schema.org\",\"@graph\":[{\"@type\":\"WebPage\",\"@id\":\"https:\/\/marrymemallorca.com\/cookies\/\",\"url\":\"https:\/\/marrymemallorca.com\/cookies\/\",\"name\":\"Cookies - Marry Me Mallorca\",\"isPartOf\":{\"@id\":\"https:\/\/marrymemallorca.com\/#website\"},\"datePublished\":\"2020-07-10T10:33:38+00:00\",\"breadcrumb\":{\"@id\":\"https:\/\/marrymemallorca.com\/cookies\/#breadcrumb\"},\"inLanguage\":\"en-US\",\"potentialAction\":[{\"@type\":\"ReadAction\",\"target\":[\"https:\/\/marrymemallorca.com\/cookies\/\"]}]},{\"@type\":\"BreadcrumbList\",\"@id\":\"https:\/\/marrymemallorca.com\/cookies\/#breadcrumb\",\"itemListElement\":[{\"@type\":\"ListItem\",\"position\":1,\"name\":\"Portada\",\"item\":\"https:\/\/marrymemallorca.com\/\"},{\"@type\":\"ListItem\",\"position\":2,\"name\":\"Cookies\"}]},{\"@type\":\"WebSite\",\"@id\":\"https:\/\/marrymemallorca.com\/#website\",\"url\":\"https:\/\/marrymemallorca.com\/\",\"name\":\"Marry Me Mallorca\",\"description\":\"Luxury Destination Weddings\",\"publisher\":{\"@id\":\"https:\/\/marrymemallorca.com\/#organization\"},\"potentialAction\":[{\"@type\":\"SearchAction\",\"target\":{\"@type\":\"EntryPoint\",\"urlTemplate\":\"https:\/\/marrymemallorca.com\/?s={search_term_string}\"},\"query-input\":{\"@type\":\"PropertyValueSpecification\",\"valueRequired\":true,\"valueName\":\"search_term_string\"}}],\"inLanguage\":\"en-US\"},{\"@type\":\"Organization\",\"@id\":\"https:\/\/marrymemallorca.com\/#organization\",\"name\":\"Marry Me Mallorca\",\"url\":\"https:\/\/marrymemallorca.com\/\",\"logo\":{\"@type\":\"ImageObject\",\"inLanguage\":\"en-US\",\"@id\":\"https:\/\/marrymemallorca.com\/#\/schema\/logo\/image\/\",\"url\":\"https:\/\/marrymemallorca.com\/wp-content\/uploads\/2020\/05\/Marry-Me-Logo.png\",\"contentUrl\":\"https:\/\/marrymemallorca.com\/wp-content\/uploads\/2020\/05\/Marry-Me-Logo.png\",\"width\":556,\"height\":444,\"caption\":\"Marry Me Mallorca\"},\"image\":{\"@id\":\"https:\/\/marrymemallorca.com\/#\/schema\/logo\/image\/\"},\"sameAs\":[\"https:\/\/www.facebook.com\/marrymemallorca\",\"https:\/\/www.instagram.com\/marrymemallorca\/\",\"https:\/\/www.pinterest.es\/marrymemallorcaweddings\/\"]}]}<\/script>\n<!-- \/ Yoast SEO plugin. -->","yoast_head_json":{"title":"Cookies - Marry Me Mallorca","robots":{"index":"index","follow":"follow","max-snippet":"max-snippet:-1","max-image-preview":"max-image-preview:large","max-video-preview":"max-video-preview:-1"},"canonical":"https:\/\/marrymemallorca.com\/cookies\/","og_locale":"en_US","og_type":"article","og_title":"Cookies - Marry Me Mallorca","og_description":"Pol\u00edtica de Cookies 1. Definici\u00f3n y funciones de las cookies. Una cookie es un fichero que se descarga en el equipo del Usuario al acceder a determinados sitios web. Las cookies permiten al sitio web, entre otras cosas, almacenar y recuperar informaci\u00f3n sobre los h\u00e1bitos de navegaci\u00f3n del Usuario o de su equipo y, dependiendo [&hellip;]","og_url":"https:\/\/marrymemallorca.com\/cookies\/","og_site_name":"Marry Me Mallorca","article_publisher":"https:\/\/www.facebook.com\/marrymemallorca","twitter_card":"summary_large_image","twitter_misc":{"Est. reading time":"8 minutes"},"schema":{"@context":"https:\/\/schema.org","@graph":[{"@type":"WebPage","@id":"https:\/\/marrymemallorca.com\/cookies\/","url":"https:\/\/marrymemallorca.com\/cookies\/","name":"Cookies - Marry Me Mallorca","isPartOf":{"@id":"https:\/\/marrymemallorca.com\/#website"},"datePublished":"2020-07-10T10:33:38+00:00","breadcrumb":{"@id":"https:\/\/marrymemallorca.com\/cookies\/#breadcrumb"},"inLanguage":"en-US","potentialAction":[{"@type":"ReadAction","target":["https:\/\/marrymemallorca.com\/cookies\/"]}]},{"@type":"BreadcrumbList","@id":"https:\/\/marrymemallorca.com\/cookies\/#breadcrumb","itemListElement":[{"@type":"ListItem","position":1,"name":"Portada","item":"https:\/\/marrymemallorca.com\/"},{"@type":"ListItem","position":2,"name":"Cookies"}]},{"@type":"WebSite","@id":"https:\/\/marrymemallorca.com\/#website","url":"https:\/\/marrymemallorca.com\/","name":"Marry Me Mallorca","description":"Luxury Destination Weddings","publisher":{"@id":"https:\/\/marrymemallorca.com\/#organization"},"potentialAction":[{"@type":"SearchAction","target":{"@type":"EntryPoint","urlTemplate":"https:\/\/marrymemallorca.com\/?s={search_term_string}"},"query-input":{"@type":"PropertyValueSpecification","valueRequired":true,"valueName":"search_term_string"}}],"inLanguage":"en-US"},{"@type":"Organization","@id":"https:\/\/marrymemallorca.com\/#organization","name":"Marry Me Mallorca","url":"https:\/\/marrymemallorca.com\/","logo":{"@type":"ImageObject","inLanguage":"en-US","@id":"https:\/\/marrymemallorca.com\/#\/schema\/logo\/image\/","url":"https:\/\/marrymemallorca.com\/wp-content\/uploads\/2020\/05\/Marry-Me-Logo.png","contentUrl":"https:\/\/marrymemallorca.com\/wp-content\/uploads\/2020\/05\/Marry-Me-Logo.png","width":556,"height":444,"caption":"Marry Me Mallorca"},"image":{"@id":"https:\/\/marrymemallorca.com\/#\/schema\/logo\/image\/"},"sameAs":["https:\/\/www.facebook.com\/marrymemallorca","https:\/\/www.instagram.com\/marrymemallorca\/","https:\/\/www.pinterest.es\/marrymemallorcaweddings\/"]}]}},"_links":{"self":[{"href":"https:\/\/marrymemallorca.com\/en\/wp-json\/wp\/v2\/pages\/552","targetHints":{"allow":["GET"]}}],"collection":[{"href":"https:\/\/marrymemallorca.com\/en\/wp-json\/wp\/v2\/pages"}],"about":[{"href":"https:\/\/marrymemallorca.com\/en\/wp-json\/wp\/v2\/types\/page"}],"author":[{"embeddable":true,"href":"https:\/\/marrymemallorca.com\/en\/wp-json\/wp\/v2\/users\/1"}],"replies":[{"embeddable":true,"href":"https:\/\/marrymemallorca.com\/en\/wp-json\/wp\/v2\/comments?post=552"}],"version-history":[{"count":1,"href":"https:\/\/marrymemallorca.com\/en\/wp-json\/wp\/v2\/pages\/552\/revisions"}],"predecessor-version":[{"id":553,"href":"https:\/\/marrymemallorca.com\/en\/wp-json\/wp\/v2\/pages\/552\/revisions\/553"}],"wp:attachment":[{"href":"https:\/\/marrymemallorca.com\/en\/wp-json\/wp\/v2\/media?parent=552"}],"curies":[{"name":"wp","href":"https:\/\/api.w.org\/{rel}","templated":true}]}}